{"id":1149,"date":"2023-07-05T08:35:58","date_gmt":"2023-07-05T08:35:58","guid":{"rendered":"https:\/\/devneu.alan.ch\/mentions-legales\/"},"modified":"2023-11-01T07:34:24","modified_gmt":"2023-11-01T07:34:24","slug":"mentions-legales","status":"publish","type":"page","link":"https:\/\/alan.ch\/fr\/mentions-legales\/","title":{"rendered":"mentions l\u00e9gales"},"content":{"rendered":"<p>[et_pb_section fb_built=\u00a0\u00bb1&Prime; _builder_version=\u00a0\u00bb4.21.0&Prime; _module_preset=\u00a0\u00bbdefault\u00a0\u00bb global_colors_info=\u00a0\u00bb{}\u00a0\u00bb][et_pb_row _builder_version=\u00a0\u00bb4.21.0&Prime; _module_preset=\u00a0\u00bbdefault\u00a0\u00bb global_colors_info=\u00a0\u00bb{}\u00a0\u00bb][et_pb_column type=\u00a0\u00bb4_4&Prime; _builder_version=\u00a0\u00bb4.21.0&Prime; _module_preset=\u00a0\u00bbdefault\u00a0\u00bb global_colors_info=\u00a0\u00bb{}\u00a0\u00bb][et_pb_text _builder_version=\u00a0\u00bb4.21.0&Prime; _module_preset=\u00a0\u00bbdefault\u00a0\u00bb global_colors_info=\u00a0\u00bb{}\u00a0\u00bb]<\/p>\n<h1>Mentions l\u00e9gales<\/h1>\n<p>[\/et_pb_text][et_pb_text _builder_version=\u00a0\u00bb4.21.0&Prime; _module_preset=\u00a0\u00bbdefault\u00a0\u00bb global_colors_info=\u00a0\u00bb{}\u00a0\u00bb]<\/p>\n<div class=\"wpb_column vc_column_container vc_col-sm-6\">\n<div class=\"vc_column-inner\">\n<div class=\"wpb_wrapper\">\n<div class=\"wpb_text_column wpb_content_element \">\n<div class=\"wpb_wrapper\">\n<h2>Informations g\u00e9n\u00e9rales<\/h2>\n<p>ALAN Software AG est une entreprise de Zehnder Investment AG.<\/p>\n<p>Zehnder Investment accompagne les entreprises suisses \u00e0 travers toutes les phases du d\u00e9veloppement durable &#8211; du financement \u00e0 la vente de l&rsquo;entreprise en passant par le conseil global. Humain, fiable et tr\u00e8s proche de la pratique. Les personnes travaillant chez Zehnder Investment sont des \u00ab\u00a0b\u00e2tisseurs de soci\u00e9t\u00e9s\u00a0\u00bb exp\u00e9riment\u00e9s en mati\u00e8re de direction, qui poss\u00e8dent une longue exp\u00e9rience pratique et de vastes connaissances sp\u00e9cialis\u00e9es. Outre le conseil en gestion et le d\u00e9veloppement, Zehnder Investment AG d\u00e9tient des participations ou toutes les parts de soci\u00e9t\u00e9s. Le propri\u00e9taire unique est Michael Zehnder.<\/p>\n<p><a href=\"https:\/\/www.zehnderinvestment.ch\/\" target=\"_blank\" rel=\"noopener\">www.zehnderinvestment.ch<\/a><\/p>\n<\/div>\n<\/div>\n<\/div>\n<\/div>\n<\/div>\n<p>[\/et_pb_text][et_pb_text _builder_version=\u00a0\u00bb4.21.0&Prime; _module_preset=\u00a0\u00bbdefault\u00a0\u00bb global_colors_info=\u00a0\u00bb{}\u00a0\u00bb]<\/p>\n<div class=\"wpb_column vc_column_container vc_col-sm-6\">\n<div class=\"vc_column-inner\">\n<div class=\"wpb_wrapper\">\n<div class=\"wpb_text_column wpb_content_element \">\n<div class=\"wpb_wrapper\">\n<h2>Adresse<\/h2>\n<p>ALAN Software AG<br \/>Neugutstrasse 66<br \/>CH-8600 D\u00fcbendorf<\/p>\n<p>T\u00e9l.  <a href=\"tel:0041438839080\">043 883 90 80<\/a><br \/>Courrier \u00e9lectronique <a href=\"mailto:contact@alan.ch\">contact@alan.ch<\/a><br \/>Web <a href=\"http:\/\/www.fiveinfo.ch\/\">www.alan.ch<\/a><\/p>\n<\/div>\n<\/div>\n<\/div>\n<\/div>\n<\/div>\n<p>[\/et_pb_text][\/et_pb_column][\/et_pb_row][\/et_pb_section]<\/p>\n","protected":false},"excerpt":{"rendered":"<p>Mentions l\u00e9gales Informations g\u00e9n\u00e9rales ALAN Software AG est une entreprise de Zehnder Investment AG. Zehnder Investment accompagne les entreprises suisses \u00e0 travers toutes les phases du d\u00e9veloppement durable &#8211; du financement \u00e0 la vente de l&rsquo;entreprise en passant par le conseil global. Humain, fiable et tr\u00e8s proche de la pratique. Les personnes travaillant chez Zehnder [&hellip;]<\/p>\n","protected":false},"author":1,"featured_media":0,"parent":0,"menu_order":0,"comment_status":"closed","ping_status":"closed","template":"","meta":{"_et_pb_use_builder":"on","_et_pb_old_content":"","_et_gb_content_width":"","footnotes":""},"class_list":["post-1149","page","type-page","status-publish","hentry"],"yoast_head":"<!-- This site is optimized with the Yoast SEO plugin v27.3 - https:\/\/yoast.com\/product\/yoast-seo-wordpress\/ -->\n<title>mentions l\u00e9gales - ALAN Software AG<\/title>\n<meta name=\"robots\" content=\"noindex, nofollow\" \/>\n<meta property=\"og:locale\" content=\"fr_FR\" \/>\n<meta property=\"og:type\" content=\"article\" \/>\n<meta property=\"og:title\" content=\"mentions l\u00e9gales - ALAN Software AG\" \/>\n<meta property=\"og:description\" content=\"Mentions l\u00e9gales Informations g\u00e9n\u00e9rales ALAN Software AG est une entreprise de Zehnder Investment AG. Zehnder Investment accompagne les entreprises suisses \u00e0 travers toutes les phases du d\u00e9veloppement durable - du financement \u00e0 la vente de l&#039;entreprise en passant par le conseil global. Humain, fiable et tr\u00e8s proche de la pratique. Les personnes travaillant chez Zehnder [&hellip;]\" \/>\n<meta property=\"og:url\" content=\"https:\/\/alan.ch\/fr\/mentions-legales\/\" \/>\n<meta property=\"og:site_name\" content=\"ALAN Software AG\" \/>\n<meta property=\"article:modified_time\" content=\"2023-11-01T07:34:24+00:00\" \/>\n<meta name=\"twitter:card\" content=\"summary_large_image\" \/>\n<meta name=\"twitter:label1\" content=\"Dur\u00e9e de lecture estim\u00e9e\" \/>\n\t<meta name=\"twitter:data1\" content=\"1 minute\" \/>\n<script type=\"application\/ld+json\" class=\"yoast-schema-graph\">{\"@context\":\"https:\\\/\\\/schema.org\",\"@graph\":[{\"@type\":\"WebPage\",\"@id\":\"https:\\\/\\\/alan.ch\\\/fr\\\/mentions-legales\\\/\",\"url\":\"https:\\\/\\\/alan.ch\\\/fr\\\/mentions-legales\\\/\",\"name\":\"mentions l\u00e9gales - ALAN Software AG\",\"isPartOf\":{\"@id\":\"https:\\\/\\\/alan.ch\\\/#website\"},\"datePublished\":\"2023-07-05T08:35:58+00:00\",\"dateModified\":\"2023-11-01T07:34:24+00:00\",\"breadcrumb\":{\"@id\":\"https:\\\/\\\/alan.ch\\\/fr\\\/mentions-legales\\\/#breadcrumb\"},\"inLanguage\":\"fr-FR\",\"potentialAction\":[{\"@type\":\"ReadAction\",\"target\":[\"https:\\\/\\\/alan.ch\\\/fr\\\/mentions-legales\\\/\"]}]},{\"@type\":\"BreadcrumbList\",\"@id\":\"https:\\\/\\\/alan.ch\\\/fr\\\/mentions-legales\\\/#breadcrumb\",\"itemListElement\":[{\"@type\":\"ListItem\",\"position\":1,\"name\":\"Startseite\",\"item\":\"https:\\\/\\\/alan.ch\\\/fr\\\/accueil-alan\\\/\"},{\"@type\":\"ListItem\",\"position\":2,\"name\":\"mentions l\u00e9gales\"}]},{\"@type\":\"WebSite\",\"@id\":\"https:\\\/\\\/alan.ch\\\/#website\",\"url\":\"https:\\\/\\\/alan.ch\\\/\",\"name\":\"ALAN Software AG\",\"description\":\"Die LegalTech Kanzleisoftware\",\"publisher\":{\"@id\":\"https:\\\/\\\/alan.ch\\\/#organization\"},\"potentialAction\":[{\"@type\":\"SearchAction\",\"target\":{\"@type\":\"EntryPoint\",\"urlTemplate\":\"https:\\\/\\\/alan.ch\\\/?s={search_term_string}\"},\"query-input\":{\"@type\":\"PropertyValueSpecification\",\"valueRequired\":true,\"valueName\":\"search_term_string\"}}],\"inLanguage\":\"fr-FR\"},{\"@type\":\"Organization\",\"@id\":\"https:\\\/\\\/alan.ch\\\/#organization\",\"name\":\"ALAN Software AG\",\"url\":\"https:\\\/\\\/alan.ch\\\/\",\"logo\":{\"@type\":\"ImageObject\",\"inLanguage\":\"fr-FR\",\"@id\":\"https:\\\/\\\/alan.ch\\\/#\\\/schema\\\/logo\\\/image\\\/\",\"url\":\"https:\\\/\\\/alan.ch\\\/wp-content\\\/uploads\\\/2023\\\/06\\\/ALAN-Logo-2.png\",\"contentUrl\":\"https:\\\/\\\/alan.ch\\\/wp-content\\\/uploads\\\/2023\\\/06\\\/ALAN-Logo-2.png\",\"width\":3309,\"height\":1663,\"caption\":\"ALAN Software AG\"},\"image\":{\"@id\":\"https:\\\/\\\/alan.ch\\\/#\\\/schema\\\/logo\\\/image\\\/\"},\"sameAs\":[\"https:\\\/\\\/www.linkedin.com\\\/company\\\/alan-software-ag\\\/\"]}]}<\/script>\n<!-- \/ Yoast SEO plugin. -->","yoast_head_json":{"title":"mentions l\u00e9gales - ALAN Software AG","robots":{"index":"noindex","follow":"nofollow"},"og_locale":"fr_FR","og_type":"article","og_title":"mentions l\u00e9gales - ALAN Software AG","og_description":"Mentions l\u00e9gales Informations g\u00e9n\u00e9rales ALAN Software AG est une entreprise de Zehnder Investment AG. Zehnder Investment accompagne les entreprises suisses \u00e0 travers toutes les phases du d\u00e9veloppement durable - du financement \u00e0 la vente de l'entreprise en passant par le conseil global. Humain, fiable et tr\u00e8s proche de la pratique. Les personnes travaillant chez Zehnder [&hellip;]","og_url":"https:\/\/alan.ch\/fr\/mentions-legales\/","og_site_name":"ALAN Software AG","article_modified_time":"2023-11-01T07:34:24+00:00","twitter_card":"summary_large_image","twitter_misc":{"Dur\u00e9e de lecture estim\u00e9e":"1 minute"},"schema":{"@context":"https:\/\/schema.org","@graph":[{"@type":"WebPage","@id":"https:\/\/alan.ch\/fr\/mentions-legales\/","url":"https:\/\/alan.ch\/fr\/mentions-legales\/","name":"mentions l\u00e9gales - ALAN Software AG","isPartOf":{"@id":"https:\/\/alan.ch\/#website"},"datePublished":"2023-07-05T08:35:58+00:00","dateModified":"2023-11-01T07:34:24+00:00","breadcrumb":{"@id":"https:\/\/alan.ch\/fr\/mentions-legales\/#breadcrumb"},"inLanguage":"fr-FR","potentialAction":[{"@type":"ReadAction","target":["https:\/\/alan.ch\/fr\/mentions-legales\/"]}]},{"@type":"BreadcrumbList","@id":"https:\/\/alan.ch\/fr\/mentions-legales\/#breadcrumb","itemListElement":[{"@type":"ListItem","position":1,"name":"Startseite","item":"https:\/\/alan.ch\/fr\/accueil-alan\/"},{"@type":"ListItem","position":2,"name":"mentions l\u00e9gales"}]},{"@type":"WebSite","@id":"https:\/\/alan.ch\/#website","url":"https:\/\/alan.ch\/","name":"ALAN Software AG","description":"Die LegalTech Kanzleisoftware","publisher":{"@id":"https:\/\/alan.ch\/#organization"},"potentialAction":[{"@type":"SearchAction","target":{"@type":"EntryPoint","urlTemplate":"https:\/\/alan.ch\/?s={search_term_string}"},"query-input":{"@type":"PropertyValueSpecification","valueRequired":true,"valueName":"search_term_string"}}],"inLanguage":"fr-FR"},{"@type":"Organization","@id":"https:\/\/alan.ch\/#organization","name":"ALAN Software AG","url":"https:\/\/alan.ch\/","logo":{"@type":"ImageObject","inLanguage":"fr-FR","@id":"https:\/\/alan.ch\/#\/schema\/logo\/image\/","url":"https:\/\/alan.ch\/wp-content\/uploads\/2023\/06\/ALAN-Logo-2.png","contentUrl":"https:\/\/alan.ch\/wp-content\/uploads\/2023\/06\/ALAN-Logo-2.png","width":3309,"height":1663,"caption":"ALAN Software AG"},"image":{"@id":"https:\/\/alan.ch\/#\/schema\/logo\/image\/"},"sameAs":["https:\/\/www.linkedin.com\/company\/alan-software-ag\/"]}]}},"_links":{"self":[{"href":"https:\/\/alan.ch\/fr\/wp-json\/wp\/v2\/pages\/1149","targetHints":{"allow":["GET"]}}],"collection":[{"href":"https:\/\/alan.ch\/fr\/wp-json\/wp\/v2\/pages"}],"about":[{"href":"https:\/\/alan.ch\/fr\/wp-json\/wp\/v2\/types\/page"}],"author":[{"embeddable":true,"href":"https:\/\/alan.ch\/fr\/wp-json\/wp\/v2\/users\/1"}],"replies":[{"embeddable":true,"href":"https:\/\/alan.ch\/fr\/wp-json\/wp\/v2\/comments?post=1149"}],"version-history":[{"count":7,"href":"https:\/\/alan.ch\/fr\/wp-json\/wp\/v2\/pages\/1149\/revisions"}],"predecessor-version":[{"id":1822,"href":"https:\/\/alan.ch\/fr\/wp-json\/wp\/v2\/pages\/1149\/revisions\/1822"}],"wp:attachment":[{"href":"https:\/\/alan.ch\/fr\/wp-json\/wp\/v2\/media?parent=1149"}],"curies":[{"name":"wp","href":"https:\/\/api.w.org\/{rel}","templated":true}]}}